{"id":2,"date":"2024-11-02T16:12:46","date_gmt":"2024-11-02T16:12:46","guid":{"rendered":"https:\/\/deproyectoaproyectazo.net\/?page_id=2"},"modified":"2024-11-10T18:45:49","modified_gmt":"2024-11-10T21:45:49","slug":"b-book","status":"publish","type":"page","link":"https:\/\/deproyectoaproyectazo.net\/index.php\/b-book\/","title":{"rendered":"Descubre&#8230;"},"content":{"rendered":"\n<h2 class=\"wp-block-heading\">\u00bfQu\u00e9 es un B-book?<\/h2>\n\n\n\n<p>Un <strong><em>B-book o Blended book<\/em><\/strong> es una experiencia de aprendizaje innovadora que fusiona el mundo f\u00edsico con el digital. <\/p>\n\n\n\n<p>Su objetivo principal es enriquecer la lectura y el aprendizaje al combinar las ventajas del formato en papel con las posibilidades que ofrece el universo digital. <\/p>\n\n\n\n<p>Con un B-book, podr\u00e1s:<\/p>\n\n\n\n<ul class=\"wp-block-list\">\n<li>Profundizar en los temas del libro y poner en pr\u00e1ctica lo aprendido.<\/li>\n\n\n\n<li>Acceder a informaci\u00f3n complementaria online.<\/li>\n\n\n\n<li>Explorar otros recursos y herramientas digitales que ampl\u00edan la informaci\u00f3n y promueven un aprendizaje integral.<\/li>\n\n\n\n<li>Interactuar con otros lectores, compartir experiencias y colaborar en proyectos.<\/li>\n\n\n\n<li>Recibir notificaciones sobre nuevas herramientas, recursos y eventos relacionados con la tem\u00e1tica del libro.<\/li>\n<\/ul>\n\n\n\n<p class=\"has-secondary-color has-text-color has-link-color wp-elements-3aa72b316224826b0a8a1ba88cc2ceab\"><strong>Hablemos del Book&#8230;<\/strong><\/p>\n\n\n\n<div class=\"wp-block-columns is-layout-flex wp-container-core-columns-is-layout-28f84493 wp-block-columns-is-layout-flex\">\n<div class=\"wp-block-column is-layout-flow wp-block-column-is-layout-flow\">\n<figure class=\"wp-block-image size-large\"><img loading=\"lazy\" decoding=\"async\" width=\"1024\" height=\"1024\" src=\"https:\/\/deproyectoaproyectazo.net\/wp-content\/uploads\/2024\/11\/Gemini_Generated_Image_jyq9trjyq9trjyq9-1024x1024.jpeg\" alt=\"\" class=\"wp-image-28\" srcset=\"https:\/\/deproyectoaproyectazo.net\/wp-content\/uploads\/2024\/11\/Gemini_Generated_Image_jyq9trjyq9trjyq9-1024x1024.jpeg 1024w, https:\/\/deproyectoaproyectazo.net\/wp-content\/uploads\/2024\/11\/Gemini_Generated_Image_jyq9trjyq9trjyq9-300x300.jpeg 300w, https:\/\/deproyectoaproyectazo.net\/wp-content\/uploads\/2024\/11\/Gemini_Generated_Image_jyq9trjyq9trjyq9-150x150.jpeg 150w, https:\/\/deproyectoaproyectazo.net\/wp-content\/uploads\/2024\/11\/Gemini_Generated_Image_jyq9trjyq9trjyq9-768x768.jpeg 768w, https:\/\/deproyectoaproyectazo.net\/wp-content\/uploads\/2024\/11\/Gemini_Generated_Image_jyq9trjyq9trjyq9-1536x1536.jpeg 1536w, https:\/\/deproyectoaproyectazo.net\/wp-content\/uploads\/2024\/11\/Gemini_Generated_Image_jyq9trjyq9trjyq9.jpeg 2048w\" sizes=\"auto, (max-width: 1024px) 100vw, 1024px\" \/><\/figure>\n<\/div>\n\n\n\n<div class=\"wp-block-column is-layout-flow wp-block-column-is-layout-flow\">\n<p>Para que puedas profundizar a\u00fan m\u00e1s en esta experiencia de aprendizaje, el libro f\u00edsico <strong>\u00abDe proyecto a  PROYECTAZO\u00bb<\/strong> es mucho m\u00e1s que un simple libro. Es un manual interactivo dise\u00f1ado para que puedas disfrutarlo al m\u00e1ximo. Podr\u00e1s escribir tus ideas innovadoras, subrayar tus partes favoritas, tomar notas, dibujar, escribir tus reflexiones&#8230;<\/p>\n<\/div>\n<\/div>\n\n\n\n<div class=\"wp-block-group is-nowrap is-layout-flex wp-container-core-group-is-layout-6c531013 wp-block-group-is-layout-flex\">\n<p class=\"has-text-align-left\">\u00a1Convi\u00e9rtelo en tu compa\u00f1ero de aventuras, en tu propio libro m\u00e1gico de la IA en la educaci\u00f3n!<\/p>\n<\/div>\n\n\n\n<p class=\"has-secondary-color has-text-color has-link-color wp-elements-b1b1244eb7f124523ab59c514061f670\"><strong>El entorno web interactivo&#8230;<\/strong><\/p>\n\n\n\n<p class=\"has-text-align-left\">Al adquirir el B-book \u00ab<strong><em>De proyecto a PROYECTAZO<\/em><\/strong>\u00ab, no solo tendr\u00e1s en tus manos un libro f\u00edsico inspirador, sino que tambi\u00e9n acceder\u00e1s a un <strong>campus virtual iconogr\u00e1fico exclusivo<\/strong> con un dise\u00f1o innovador. <br>Para facilitar tu experiencia, la navegaci\u00f3n se basa en iconos que representan las diferentes secciones y recursos, lo que facilita la exploraci\u00f3n y la comprensi\u00f3n de su estructura.<br><br>En este entorno virtual de aprendizaje:<\/p>\n\n\n\n<ul class=\"wp-block-list\">\n<li>Encontrar\u00e1s materiales complementarios como: art\u00edculos, videos, infograf\u00edas y presentaciones que ampliar\u00e1n la informaci\u00f3n y te ayudar\u00e1n a comprender mejor los conceptos clave.<\/li>\n\n\n\n<li>Participar\u00e1s en actividades interactivas, resolver\u00e1s cuestionarios, realizar\u00e1s ejercicios pr\u00e1cticos y podr\u00e1s descargar plantillas para aplicar la IA en tu propia aula.<\/li>\n\n\n\n<li>Conectar\u00e1s con una comunidad global, intercambiar\u00e1s ideas, experiencias y proyectos a trav\u00e9s de foros de discusi\u00f3n y otras herramientas de comunicaci\u00f3n.<\/li>\n\n\n\n<li>Tendr\u00e1s a tu disposici\u00f3n una selecci\u00f3n curada de herramientas de IA, con descripciones, tutoriales y enlaces de acceso. Tambi\u00e9n podr\u00e1s descargar materiales complementarios como gu\u00edas, plantillas y ejemplos de proyectos.<\/li>\n<\/ul>\n\n\n\n<p class=\"has-secondary-color has-text-color has-link-color wp-elements-1baad451103315078270e662a886bc12\"><strong>\u00bfC\u00f3mo acceder\u00e1s al entorno virtual?<\/strong><\/p>\n\n\n\n<p class=\"has-text-align-left\">Acceder al campus virtual es muy sencillo. Dentro del libro f\u00edsico encontrar\u00e1s un c\u00f3digo personal e intransferible que te permitir\u00e1 crear tu cuenta de usuario y comenzar a explorar el entorno web interactivo. <\/p>\n\n\n\n<p class=\"has-text-align-left\">\u00a1Tu aventura aumentada te espera!<br><br><\/p>\n\n\n\n<p class=\"has-secondary-color has-text-color has-link-color wp-elements-9ab710cf8c468622e0769e4dc7d6d8ac\"><\/p>\n\n\n\n<figure class=\"wp-block-video\"><video height=\"960\" style=\"aspect-ratio: 960 \/ 960;\" width=\"960\" controls src=\"https:\/\/deproyectoaproyectazo.net\/wp-content\/uploads\/2024\/11\/robot-escribe2.mp4\"><\/video><\/figure>\n","protected":false},"excerpt":{"rendered":"<p>\u00bfQu\u00e9 es un B-book? Un B-book o Blended book es una experiencia de aprendizaje innovadora que fusiona el mundo f\u00edsico con el digital. Su objetivo principal es enriquecer la lectura y el aprendizaje al combinar las ventajas del formato en papel con las posibilidades que ofrece el universo digital. Con un B-book, podr\u00e1s: Hablemos del [&hellip;]<\/p>\n","protected":false},"author":1,"featured_media":19,"parent":0,"menu_order":0,"comment_status":"closed","ping_status":"open","template":"","meta":{"footnotes":""},"class_list":["post-2","page","type-page","status-publish","has-post-thumbnail","hentry"],"_links":{"self":[{"href":"https:\/\/deproyectoaproyectazo.net\/index.php\/wp-json\/wp\/v2\/pages\/2","targetHints":{"allow":["GET"]}}],"collection":[{"href":"https:\/\/deproyectoaproyectazo.net\/index.php\/wp-json\/wp\/v2\/pages"}],"about":[{"href":"https:\/\/deproyectoaproyectazo.net\/index.php\/wp-json\/wp\/v2\/types\/page"}],"author":[{"embeddable":true,"href":"https:\/\/deproyectoaproyectazo.net\/index.php\/wp-json\/wp\/v2\/users\/1"}],"replies":[{"embeddable":true,"href":"https:\/\/deproyectoaproyectazo.net\/index.php\/wp-json\/wp\/v2\/comments?post=2"}],"version-history":[{"count":23,"href":"https:\/\/deproyectoaproyectazo.net\/index.php\/wp-json\/wp\/v2\/pages\/2\/revisions"}],"predecessor-version":[{"id":64,"href":"https:\/\/deproyectoaproyectazo.net\/index.php\/wp-json\/wp\/v2\/pages\/2\/revisions\/64"}],"wp:featuredmedia":[{"embeddable":true,"href":"https:\/\/deproyectoaproyectazo.net\/index.php\/wp-json\/wp\/v2\/media\/19"}],"wp:attachment":[{"href":"https:\/\/deproyectoaproyectazo.net\/index.php\/wp-json\/wp\/v2\/media?parent=2"}],"curies":[{"name":"wp","href":"https:\/\/api.w.org\/{rel}","templated":true}]}}